{"id":731,"date":"2024-03-25T23:53:37","date_gmt":"2024-03-25T21:53:37","guid":{"rendered":"http:\/\/gabrellmodels.com\/ro\/?page_id=731"},"modified":"2024-03-25T23:56:16","modified_gmt":"2024-03-25T21:56:16","slug":"pentru-distribuitori","status":"publish","type":"page","link":"http:\/\/gabrellmodels.com\/ro\/pentru-distribuitori\/","title":{"rendered":"Pentru Distribuitori"},"content":{"rendered":"\n<p>Gabrell Models caut\u0103 distribuitori pentru modelele sale, de tipul hobby shops, magazine de specialitate online etc. <\/p>\n\n\n\n<p>Daca sunte\u021bi interesa\u021bi s\u0103 distribui\u021bi modelele noastre, v\u0103 rug\u0103m s\u0103 ne contacta\u021bi la adresa de e-mail: <\/p>\n\n\n\n<p><strong>gabrellmodels [at] gmail.com<\/strong><\/p>\n","protected":false},"excerpt":{"rendered":"<p>Gabrell Models caut\u0103 distribuitori pentru modelele sale, de tipul hobby shops, magazine de specialitate online etc. Daca sunte\u021bi interesa\u021bi s\u0103 distribui\u021bi modelele noastre, v\u0103 rug\u0103m s\u0103 ne contacta\u021bi la adresa de e-mail: gabrellmodels [at] gmail.com<\/p>\n","protected":false},"author":1,"featured_media":0,"parent":0,"menu_order":0,"comment_status":"closed","ping_status":"closed","template":"","meta":{"footnotes":""},"class_list":["post-731","page","type-page","status-publish","hentry"],"yoast_head":"<!-- This site is optimized with the Yoast SEO plugin v22.3 - https:\/\/yoast.com\/wordpress\/plugins\/seo\/ -->\n<title>Pentru Distribuitori -<\/title>\n<meta name=\"robots\" content=\"index, follow, max-snippet:-1, max-image-preview:large, max-video-preview:-1\" \/>\n<link rel=\"canonical\" href=\"http:\/\/gabrellmodels.com\/ro\/pentru-distribuitori\/\" \/>\n<meta property=\"og:locale\" content=\"ro_RO\" \/>\n<meta property=\"og:type\" content=\"article\" \/>\n<meta property=\"og:title\" content=\"Pentru Distribuitori -\" \/>\n<meta property=\"og:description\" content=\"Gabrell Models caut\u0103 distribuitori pentru modelele sale, de tipul hobby shops, magazine de specialitate online etc. Daca sunte\u021bi interesa\u021bi s\u0103 distribui\u021bi modelele noastre, v\u0103 rug\u0103m s\u0103 ne contacta\u021bi la adresa de e-mail: gabrellmodels [at] gmail.com\" \/>\n<meta property=\"og:url\" content=\"http:\/\/gabrellmodels.com\/ro\/pentru-distribuitori\/\" \/>\n<meta property=\"article:publisher\" content=\"https:\/\/www.facebook.com\/GabrellModels\" \/>\n<meta property=\"article:modified_time\" content=\"2024-03-25T21:56:16+00:00\" \/>\n<meta name=\"twitter:card\" content=\"summary_large_image\" \/>\n<meta name=\"twitter:site\" content=\"@gabrellmodels\" \/>\n<script type=\"application\/ld+json\" class=\"yoast-schema-graph\">{\"@context\":\"https:\/\/schema.org\",\"@graph\":[{\"@type\":\"WebPage\",\"@id\":\"http:\/\/gabrellmodels.com\/ro\/pentru-distribuitori\/\",\"url\":\"http:\/\/gabrellmodels.com\/ro\/pentru-distribuitori\/\",\"name\":\"Pentru Distribuitori -\",\"isPartOf\":{\"@id\":\"http:\/\/gabrellmodels.com\/ro\/#website\"},\"datePublished\":\"2024-03-25T21:53:37+00:00\",\"dateModified\":\"2024-03-25T21:56:16+00:00\",\"breadcrumb\":{\"@id\":\"http:\/\/gabrellmodels.com\/ro\/pentru-distribuitori\/#breadcrumb\"},\"inLanguage\":\"ro-RO\",\"potentialAction\":[{\"@type\":\"ReadAction\",\"target\":[\"http:\/\/gabrellmodels.com\/ro\/pentru-distribuitori\/\"]}]},{\"@type\":\"BreadcrumbList\",\"@id\":\"http:\/\/gabrellmodels.com\/ro\/pentru-distribuitori\/#breadcrumb\",\"itemListElement\":[{\"@type\":\"ListItem\",\"position\":1,\"name\":\"Prima pagin\u0103\",\"item\":\"http:\/\/gabrellmodels.com\/ro\/\"},{\"@type\":\"ListItem\",\"position\":2,\"name\":\"Pentru Distribuitori\"}]},{\"@type\":\"WebSite\",\"@id\":\"http:\/\/gabrellmodels.com\/ro\/#website\",\"url\":\"http:\/\/gabrellmodels.com\/ro\/\",\"name\":\"Gabrell Models | Produc\u0103tor de kituri de modele de avioane din r\u0103\u0219in\u0103 la scara 1:100 folosind tehnologia de imprimare 3D. Modele precise, foarte u\u0219or de asamblat! Fabricat in UE..\",\"description\":\"Gabrell Models | Produc\u0103tor de kituri de modele de avioane din r\u0103\u0219in\u0103 la scara 1:100 folosind tehnologia de imprimare 3D. Modele precise, foarte u\u0219or de asamblat! Made in EU.\",\"publisher\":{\"@id\":\"http:\/\/gabrellmodels.com\/ro\/#organization\"},\"potentialAction\":[{\"@type\":\"SearchAction\",\"target\":{\"@type\":\"EntryPoint\",\"urlTemplate\":\"http:\/\/gabrellmodels.com\/ro\/?s={search_term_string}\"},\"query-input\":\"required name=search_term_string\"}],\"inLanguage\":\"ro-RO\"},{\"@type\":\"Organization\",\"@id\":\"http:\/\/gabrellmodels.com\/ro\/#organization\",\"name\":\"Gabrell Models\",\"url\":\"http:\/\/gabrellmodels.com\/ro\/\",\"logo\":{\"@type\":\"ImageObject\",\"inLanguage\":\"ro-RO\",\"@id\":\"http:\/\/gabrellmodels.com\/ro\/#\/schema\/logo\/image\/\",\"url\":\"http:\/\/gabrellmodels.com\/ro\/wp-content\/uploads\/2024\/03\/cropped-GabrellModels_logo_website_300dpi_NoWhiteBorders.png\",\"contentUrl\":\"http:\/\/gabrellmodels.com\/ro\/wp-content\/uploads\/2024\/03\/cropped-GabrellModels_logo_website_300dpi_NoWhiteBorders.png\",\"width\":826,\"height\":93,\"caption\":\"Gabrell Models\"},\"image\":{\"@id\":\"http:\/\/gabrellmodels.com\/ro\/#\/schema\/logo\/image\/\"},\"sameAs\":[\"https:\/\/www.facebook.com\/GabrellModels\",\"https:\/\/twitter.com\/gabrellmodels\",\"https:\/\/www.instagram.com\/gabrellmodels\/\"]}]}<\/script>\n<!-- \/ Yoast SEO plugin. -->","yoast_head_json":{"title":"Pentru Distribuitori -","robots":{"index":"index","follow":"follow","max-snippet":"max-snippet:-1","max-image-preview":"max-image-preview:large","max-video-preview":"max-video-preview:-1"},"canonical":"http:\/\/gabrellmodels.com\/ro\/pentru-distribuitori\/","og_locale":"ro_RO","og_type":"article","og_title":"Pentru Distribuitori -","og_description":"Gabrell Models caut\u0103 distribuitori pentru modelele sale, de tipul hobby shops, magazine de specialitate online etc. Daca sunte\u021bi interesa\u021bi s\u0103 distribui\u021bi modelele noastre, v\u0103 rug\u0103m s\u0103 ne contacta\u021bi la adresa de e-mail: gabrellmodels [at] gmail.com","og_url":"http:\/\/gabrellmodels.com\/ro\/pentru-distribuitori\/","article_publisher":"https:\/\/www.facebook.com\/GabrellModels","article_modified_time":"2024-03-25T21:56:16+00:00","twitter_card":"summary_large_image","twitter_site":"@gabrellmodels","schema":{"@context":"https:\/\/schema.org","@graph":[{"@type":"WebPage","@id":"http:\/\/gabrellmodels.com\/ro\/pentru-distribuitori\/","url":"http:\/\/gabrellmodels.com\/ro\/pentru-distribuitori\/","name":"Pentru Distribuitori -","isPartOf":{"@id":"http:\/\/gabrellmodels.com\/ro\/#website"},"datePublished":"2024-03-25T21:53:37+00:00","dateModified":"2024-03-25T21:56:16+00:00","breadcrumb":{"@id":"http:\/\/gabrellmodels.com\/ro\/pentru-distribuitori\/#breadcrumb"},"inLanguage":"ro-RO","potentialAction":[{"@type":"ReadAction","target":["http:\/\/gabrellmodels.com\/ro\/pentru-distribuitori\/"]}]},{"@type":"BreadcrumbList","@id":"http:\/\/gabrellmodels.com\/ro\/pentru-distribuitori\/#breadcrumb","itemListElement":[{"@type":"ListItem","position":1,"name":"Prima pagin\u0103","item":"http:\/\/gabrellmodels.com\/ro\/"},{"@type":"ListItem","position":2,"name":"Pentru Distribuitori"}]},{"@type":"WebSite","@id":"http:\/\/gabrellmodels.com\/ro\/#website","url":"http:\/\/gabrellmodels.com\/ro\/","name":"Gabrell Models | Produc\u0103tor de kituri de modele de avioane din r\u0103\u0219in\u0103 la scara 1:100 folosind tehnologia de imprimare 3D. Modele precise, foarte u\u0219or de asamblat! Fabricat in UE..","description":"Gabrell Models | Produc\u0103tor de kituri de modele de avioane din r\u0103\u0219in\u0103 la scara 1:100 folosind tehnologia de imprimare 3D. Modele precise, foarte u\u0219or de asamblat! Made in EU.","publisher":{"@id":"http:\/\/gabrellmodels.com\/ro\/#organization"},"potentialAction":[{"@type":"SearchAction","target":{"@type":"EntryPoint","urlTemplate":"http:\/\/gabrellmodels.com\/ro\/?s={search_term_string}"},"query-input":"required name=search_term_string"}],"inLanguage":"ro-RO"},{"@type":"Organization","@id":"http:\/\/gabrellmodels.com\/ro\/#organization","name":"Gabrell Models","url":"http:\/\/gabrellmodels.com\/ro\/","logo":{"@type":"ImageObject","inLanguage":"ro-RO","@id":"http:\/\/gabrellmodels.com\/ro\/#\/schema\/logo\/image\/","url":"http:\/\/gabrellmodels.com\/ro\/wp-content\/uploads\/2024\/03\/cropped-GabrellModels_logo_website_300dpi_NoWhiteBorders.png","contentUrl":"http:\/\/gabrellmodels.com\/ro\/wp-content\/uploads\/2024\/03\/cropped-GabrellModels_logo_website_300dpi_NoWhiteBorders.png","width":826,"height":93,"caption":"Gabrell Models"},"image":{"@id":"http:\/\/gabrellmodels.com\/ro\/#\/schema\/logo\/image\/"},"sameAs":["https:\/\/www.facebook.com\/GabrellModels","https:\/\/twitter.com\/gabrellmodels","https:\/\/www.instagram.com\/gabrellmodels\/"]}]}},"_links":{"self":[{"href":"http:\/\/gabrellmodels.com\/ro\/wp-json\/wp\/v2\/pages\/731","targetHints":{"allow":["GET"]}}],"collection":[{"href":"http:\/\/gabrellmodels.com\/ro\/wp-json\/wp\/v2\/pages"}],"about":[{"href":"http:\/\/gabrellmodels.com\/ro\/wp-json\/wp\/v2\/types\/page"}],"author":[{"embeddable":true,"href":"http:\/\/gabrellmodels.com\/ro\/wp-json\/wp\/v2\/users\/1"}],"replies":[{"embeddable":true,"href":"http:\/\/gabrellmodels.com\/ro\/wp-json\/wp\/v2\/comments?post=731"}],"version-history":[{"count":2,"href":"http:\/\/gabrellmodels.com\/ro\/wp-json\/wp\/v2\/pages\/731\/revisions"}],"predecessor-version":[{"id":735,"href":"http:\/\/gabrellmodels.com\/ro\/wp-json\/wp\/v2\/pages\/731\/revisions\/735"}],"wp:attachment":[{"href":"http:\/\/gabrellmodels.com\/ro\/wp-json\/wp\/v2\/media?parent=731"}],"curies":[{"name":"wp","href":"https:\/\/api.w.org\/{rel}","templated":true}]}}