{"id":30,"date":"2024-03-25T19:27:54","date_gmt":"2024-03-25T17:27:54","guid":{"rendered":"http:\/\/gabrellmodels.com\/ro\/?page_id=30"},"modified":"2024-03-25T19:27:54","modified_gmt":"2024-03-25T17:27:54","slug":"despre-noi","status":"publish","type":"page","link":"http:\/\/gabrellmodels.com\/ro\/despre-noi\/","title":{"rendered":"Despre noi"},"content":{"rendered":"\n<p>Gabrell Models este un proiectant \u0219i produc\u0103tor de kituri de modele de avioane din r\u0103\u0219in\u0103 la scara 1:100 folosind tehnologia de imprimare 3D. Modele precise, foarte u\u0219or de asamblat! <em>Made in EU.<\/em><\/p>\n\n\n\n<p>Fiecare model al nostru reflect\u0103 o aten\u021bie impecabil\u0103 la detalii \u0219i este meticulos realizat pentru a replica complexit\u0103\u021bile aeronavei reale, demonstr\u00e2nd angajamentul nostru pentru calitate, precizie \u0219i inova\u021bie. Fie c\u0103 sunte\u021bi un simplu entuziast al avia\u021biei sau un hobbyist dedicat, v\u0103 oferim o gam\u0103 de modele care se adreseaz\u0103 tuturor nivelurilor de experien\u021b\u0103, asigur\u00e2nd o experien\u021b\u0103 frumoas\u0103 tuturor. <\/p>\n\n\n\n<p>Ridic\u00e2nd satisfac\u021bia modelismului la noi \u00een\u0103l\u021bimi, Gabrell Models se m\u00e2ndre\u0219te c\u0103 reprezint\u0103 o alegere at\u00e2t pentru amatorii entuzia\u0219ti, c\u00e2t \u0219i pentru modeli\u0219tii experimenta\u021bi din Rom\u00e2nia!<\/p>\n","protected":false},"excerpt":{"rendered":"<p>Gabrell Models este un proiectant \u0219i produc\u0103tor de kituri de modele de avioane din r\u0103\u0219in\u0103 la scara 1:100 folosind tehnologia de imprimare 3D. Modele precise, foarte u\u0219or de asamblat! Made in EU. Fiecare model al nostru reflect\u0103 o aten\u021bie impecabil\u0103 la detalii \u0219i este meticulos realizat pentru a replica complexit\u0103\u021bile aeronavei reale, demonstr\u00e2nd angajamentul nostru [&hellip;]<\/p>\n","protected":false},"author":1,"featured_media":0,"parent":0,"menu_order":0,"comment_status":"closed","ping_status":"closed","template":"","meta":{"footnotes":""},"class_list":["post-30","page","type-page","status-publish","hentry"],"yoast_head":"<!-- This site is optimized with the Yoast SEO plugin v22.3 - https:\/\/yoast.com\/wordpress\/plugins\/seo\/ -->\n<title>Despre noi -<\/title>\n<meta name=\"robots\" content=\"index, follow, max-snippet:-1, max-image-preview:large, max-video-preview:-1\" \/>\n<link rel=\"canonical\" href=\"http:\/\/gabrellmodels.com\/ro\/despre-noi\/\" \/>\n<meta property=\"og:locale\" content=\"ro_RO\" \/>\n<meta property=\"og:type\" content=\"article\" \/>\n<meta property=\"og:title\" content=\"Despre noi -\" \/>\n<meta property=\"og:description\" content=\"Gabrell Models este un proiectant \u0219i produc\u0103tor de kituri de modele de avioane din r\u0103\u0219in\u0103 la scara 1:100 folosind tehnologia de imprimare 3D. Modele precise, foarte u\u0219or de asamblat! Made in EU. Fiecare model al nostru reflect\u0103 o aten\u021bie impecabil\u0103 la detalii \u0219i este meticulos realizat pentru a replica complexit\u0103\u021bile aeronavei reale, demonstr\u00e2nd angajamentul nostru [&hellip;]\" \/>\n<meta property=\"og:url\" content=\"http:\/\/gabrellmodels.com\/ro\/despre-noi\/\" \/>\n<meta property=\"article:publisher\" content=\"https:\/\/www.facebook.com\/GabrellModels\" \/>\n<meta name=\"twitter:card\" content=\"summary_large_image\" \/>\n<meta name=\"twitter:site\" content=\"@gabrellmodels\" \/>\n<meta name=\"twitter:label1\" content=\"Timp estimat pentru citire\" \/>\n\t<meta name=\"twitter:data1\" content=\"1 minut\" \/>\n<script type=\"application\/ld+json\" class=\"yoast-schema-graph\">{\"@context\":\"https:\/\/schema.org\",\"@graph\":[{\"@type\":\"WebPage\",\"@id\":\"http:\/\/gabrellmodels.com\/ro\/despre-noi\/\",\"url\":\"http:\/\/gabrellmodels.com\/ro\/despre-noi\/\",\"name\":\"Despre noi -\",\"isPartOf\":{\"@id\":\"http:\/\/gabrellmodels.com\/ro\/#website\"},\"datePublished\":\"2024-03-25T17:27:54+00:00\",\"dateModified\":\"2024-03-25T17:27:54+00:00\",\"breadcrumb\":{\"@id\":\"http:\/\/gabrellmodels.com\/ro\/despre-noi\/#breadcrumb\"},\"inLanguage\":\"ro-RO\",\"potentialAction\":[{\"@type\":\"ReadAction\",\"target\":[\"http:\/\/gabrellmodels.com\/ro\/despre-noi\/\"]}]},{\"@type\":\"BreadcrumbList\",\"@id\":\"http:\/\/gabrellmodels.com\/ro\/despre-noi\/#breadcrumb\",\"itemListElement\":[{\"@type\":\"ListItem\",\"position\":1,\"name\":\"Prima pagin\u0103\",\"item\":\"http:\/\/gabrellmodels.com\/ro\/\"},{\"@type\":\"ListItem\",\"position\":2,\"name\":\"Despre noi\"}]},{\"@type\":\"WebSite\",\"@id\":\"http:\/\/gabrellmodels.com\/ro\/#website\",\"url\":\"http:\/\/gabrellmodels.com\/ro\/\",\"name\":\"Gabrell Models | Produc\u0103tor de kituri de modele de avioane din r\u0103\u0219in\u0103 la scara 1:100 folosind tehnologia de imprimare 3D. Modele precise, foarte u\u0219or de asamblat! Fabricat in UE..\",\"description\":\"Gabrell Models | Produc\u0103tor de kituri de modele de avioane din r\u0103\u0219in\u0103 la scara 1:100 folosind tehnologia de imprimare 3D. Modele precise, foarte u\u0219or de asamblat! Made in EU.\",\"publisher\":{\"@id\":\"http:\/\/gabrellmodels.com\/ro\/#organization\"},\"potentialAction\":[{\"@type\":\"SearchAction\",\"target\":{\"@type\":\"EntryPoint\",\"urlTemplate\":\"http:\/\/gabrellmodels.com\/ro\/?s={search_term_string}\"},\"query-input\":\"required name=search_term_string\"}],\"inLanguage\":\"ro-RO\"},{\"@type\":\"Organization\",\"@id\":\"http:\/\/gabrellmodels.com\/ro\/#organization\",\"name\":\"Gabrell Models\",\"url\":\"http:\/\/gabrellmodels.com\/ro\/\",\"logo\":{\"@type\":\"ImageObject\",\"inLanguage\":\"ro-RO\",\"@id\":\"http:\/\/gabrellmodels.com\/ro\/#\/schema\/logo\/image\/\",\"url\":\"http:\/\/gabrellmodels.com\/ro\/wp-content\/uploads\/2024\/03\/cropped-GabrellModels_logo_website_300dpi_NoWhiteBorders.png\",\"contentUrl\":\"http:\/\/gabrellmodels.com\/ro\/wp-content\/uploads\/2024\/03\/cropped-GabrellModels_logo_website_300dpi_NoWhiteBorders.png\",\"width\":826,\"height\":93,\"caption\":\"Gabrell Models\"},\"image\":{\"@id\":\"http:\/\/gabrellmodels.com\/ro\/#\/schema\/logo\/image\/\"},\"sameAs\":[\"https:\/\/www.facebook.com\/GabrellModels\",\"https:\/\/twitter.com\/gabrellmodels\",\"https:\/\/www.instagram.com\/gabrellmodels\/\"]}]}<\/script>\n<!-- \/ Yoast SEO plugin. -->","yoast_head_json":{"title":"Despre noi -","robots":{"index":"index","follow":"follow","max-snippet":"max-snippet:-1","max-image-preview":"max-image-preview:large","max-video-preview":"max-video-preview:-1"},"canonical":"http:\/\/gabrellmodels.com\/ro\/despre-noi\/","og_locale":"ro_RO","og_type":"article","og_title":"Despre noi -","og_description":"Gabrell Models este un proiectant \u0219i produc\u0103tor de kituri de modele de avioane din r\u0103\u0219in\u0103 la scara 1:100 folosind tehnologia de imprimare 3D. Modele precise, foarte u\u0219or de asamblat! Made in EU. Fiecare model al nostru reflect\u0103 o aten\u021bie impecabil\u0103 la detalii \u0219i este meticulos realizat pentru a replica complexit\u0103\u021bile aeronavei reale, demonstr\u00e2nd angajamentul nostru [&hellip;]","og_url":"http:\/\/gabrellmodels.com\/ro\/despre-noi\/","article_publisher":"https:\/\/www.facebook.com\/GabrellModels","twitter_card":"summary_large_image","twitter_site":"@gabrellmodels","twitter_misc":{"Timp estimat pentru citire":"1 minut"},"schema":{"@context":"https:\/\/schema.org","@graph":[{"@type":"WebPage","@id":"http:\/\/gabrellmodels.com\/ro\/despre-noi\/","url":"http:\/\/gabrellmodels.com\/ro\/despre-noi\/","name":"Despre noi -","isPartOf":{"@id":"http:\/\/gabrellmodels.com\/ro\/#website"},"datePublished":"2024-03-25T17:27:54+00:00","dateModified":"2024-03-25T17:27:54+00:00","breadcrumb":{"@id":"http:\/\/gabrellmodels.com\/ro\/despre-noi\/#breadcrumb"},"inLanguage":"ro-RO","potentialAction":[{"@type":"ReadAction","target":["http:\/\/gabrellmodels.com\/ro\/despre-noi\/"]}]},{"@type":"BreadcrumbList","@id":"http:\/\/gabrellmodels.com\/ro\/despre-noi\/#breadcrumb","itemListElement":[{"@type":"ListItem","position":1,"name":"Prima pagin\u0103","item":"http:\/\/gabrellmodels.com\/ro\/"},{"@type":"ListItem","position":2,"name":"Despre noi"}]},{"@type":"WebSite","@id":"http:\/\/gabrellmodels.com\/ro\/#website","url":"http:\/\/gabrellmodels.com\/ro\/","name":"Gabrell Models | Produc\u0103tor de kituri de modele de avioane din r\u0103\u0219in\u0103 la scara 1:100 folosind tehnologia de imprimare 3D. Modele precise, foarte u\u0219or de asamblat! Fabricat in UE..","description":"Gabrell Models | Produc\u0103tor de kituri de modele de avioane din r\u0103\u0219in\u0103 la scara 1:100 folosind tehnologia de imprimare 3D. Modele precise, foarte u\u0219or de asamblat! Made in EU.","publisher":{"@id":"http:\/\/gabrellmodels.com\/ro\/#organization"},"potentialAction":[{"@type":"SearchAction","target":{"@type":"EntryPoint","urlTemplate":"http:\/\/gabrellmodels.com\/ro\/?s={search_term_string}"},"query-input":"required name=search_term_string"}],"inLanguage":"ro-RO"},{"@type":"Organization","@id":"http:\/\/gabrellmodels.com\/ro\/#organization","name":"Gabrell Models","url":"http:\/\/gabrellmodels.com\/ro\/","logo":{"@type":"ImageObject","inLanguage":"ro-RO","@id":"http:\/\/gabrellmodels.com\/ro\/#\/schema\/logo\/image\/","url":"http:\/\/gabrellmodels.com\/ro\/wp-content\/uploads\/2024\/03\/cropped-GabrellModels_logo_website_300dpi_NoWhiteBorders.png","contentUrl":"http:\/\/gabrellmodels.com\/ro\/wp-content\/uploads\/2024\/03\/cropped-GabrellModels_logo_website_300dpi_NoWhiteBorders.png","width":826,"height":93,"caption":"Gabrell Models"},"image":{"@id":"http:\/\/gabrellmodels.com\/ro\/#\/schema\/logo\/image\/"},"sameAs":["https:\/\/www.facebook.com\/GabrellModels","https:\/\/twitter.com\/gabrellmodels","https:\/\/www.instagram.com\/gabrellmodels\/"]}]}},"_links":{"self":[{"href":"http:\/\/gabrellmodels.com\/ro\/wp-json\/wp\/v2\/pages\/30","targetHints":{"allow":["GET"]}}],"collection":[{"href":"http:\/\/gabrellmodels.com\/ro\/wp-json\/wp\/v2\/pages"}],"about":[{"href":"http:\/\/gabrellmodels.com\/ro\/wp-json\/wp\/v2\/types\/page"}],"author":[{"embeddable":true,"href":"http:\/\/gabrellmodels.com\/ro\/wp-json\/wp\/v2\/users\/1"}],"replies":[{"embeddable":true,"href":"http:\/\/gabrellmodels.com\/ro\/wp-json\/wp\/v2\/comments?post=30"}],"version-history":[{"count":1,"href":"http:\/\/gabrellmodels.com\/ro\/wp-json\/wp\/v2\/pages\/30\/revisions"}],"predecessor-version":[{"id":31,"href":"http:\/\/gabrellmodels.com\/ro\/wp-json\/wp\/v2\/pages\/30\/revisions\/31"}],"wp:attachment":[{"href":"http:\/\/gabrellmodels.com\/ro\/wp-json\/wp\/v2\/media?parent=30"}],"curies":[{"name":"wp","href":"https:\/\/api.w.org\/{rel}","templated":true}]}}